{"id":2476,"date":"2021-03-15T15:00:39","date_gmt":"2021-03-15T14:00:39","guid":{"rendered":"https:\/\/www.farmad.be\/?page_id=2476"},"modified":"2023-08-08T21:13:04","modified_gmt":"2023-08-08T20:13:04","slug":"contact","status":"publish","type":"page","link":"https:\/\/www.farmad.be\/fr\/contact\/","title":{"rendered":"Contact"},"content":{"rendered":"\n<div class=\"wp-block-group u-bg-gy has-light-background-color has-background\"><div class=\"wp-block-group__inner-container is-layout-flow wp-block-group-is-layout-flow\">\n<div class=\"wp-block-group\"><div class=\"wp-block-group__inner-container is-layout-flow wp-block-group-is-layout-flow\">\n<p><a href=\"https:\/\/www.farmad.be\/wp-admin\/index.php\">Home<\/a><\/p>\n\n\n\n<div style=\"height:50px\" aria-hidden=\"true\" class=\"wp-block-spacer\"><\/div>\n\n\n\n<h1 class=\"wp-block-heading o-container has-secondary-color has-text-color\">Contactez-nous<\/h1>\n\n\n\n<div style=\"height:50px\" aria-hidden=\"true\" class=\"wp-block-spacer\"><\/div>\n<\/div><\/div>\n<\/div><\/div>\n\n\n\n<div class=\"wp-block-group o-container\"><div class=\"wp-block-group__inner-container is-layout-flow wp-block-group-is-layout-flow\">\n<div style=\"height:80px\" aria-hidden=\"true\" class=\"wp-block-spacer\"><\/div>\n\n\n\n<p class=\"has-medium-font-size\"><strong>Votre question arrive toujours chez la bonne personne.<br>Faites votre choix.<\/strong><\/p>\n\n\n\n<div style=\"height:40px\" aria-hidden=\"true\" class=\"wp-block-spacer\"><\/div>\n\n\n\n<h2 class=\"wp-block-heading has-secondary-color has-text-color has-medium-font-size\">\u00cates-vous pharmacien ?<\/h2>\n\n\n\n<div style=\"height:30px\" aria-hidden=\"true\" class=\"wp-block-spacer\"><\/div>\n\n\n\n<div class=\"wp-block-group\"><div class=\"wp-block-group__inner-container is-layout-flow wp-block-group-is-layout-flow\">\n<div class=\"wp-block-columns is-layout-flex wp-container-core-columns-is-layout-9d6595d7 wp-block-columns-is-layout-flex\">\n<div class=\"wp-block-column is-layout-flow wp-block-column-is-layout-flow\" style=\"flex-basis:40%\">\n<a href=\"https:\/\/www.farmad.be\/fr\/contact\/aide-pour-les-clients-de-farmad\/\" class=\"c-card c-card-small\"><img decoding=\"async\" src=\"https:\/\/www.farmad.be\/wp-content\/uploads\/2021\/07\/farmad-customer-support.png\"\/><div class=\"u-padding-sm\">\n<h3 class=\"wp-block-heading has-text-align-left\">Aide pour les clients de Farmad<\/h3>\n<\/div><\/a>\n\n\n\n<div style=\"height:50px\" aria-hidden=\"true\" class=\"wp-block-spacer\"><\/div>\n<\/div>\n\n\n\n<div class=\"wp-block-column is-layout-flow wp-block-column-is-layout-flow\" style=\"flex-basis:40%\">\n<a href=\"https:\/\/get.teamviewer.com\/farmad\" class=\"c-card c-card-small\"><img decoding=\"async\" src=\"https:\/\/www.farmad.be\/wp-content\/uploads\/2020\/10\/teamviewer.png\"\/><div class=\"u-padding-sm\">\n<h3 class=\"wp-block-heading has-text-align-left\">Assistance \u00e0 distance<\/h3>\n\n\n\n<p>Vers Teamviewer<\/p>\n<\/div><\/a>\n<\/div>\n\n\n\n<div class=\"wp-block-column is-layout-flow wp-block-column-is-layout-flow\"><\/div>\n<\/div>\n<\/div><\/div>\n\n\n\n<h2 class=\"wp-block-heading has-secondary-color has-text-color has-medium-font-size\">\u00cates-vous pati\u00ebnt ?<\/h2>\n\n\n\n<div style=\"height:30px\" aria-hidden=\"true\" class=\"wp-block-spacer\"><\/div>\n\n\n\n<div class=\"wp-block-group\"><div class=\"wp-block-group__inner-container is-layout-flow wp-block-group-is-layout-flow\">\n<div class=\"wp-block-columns is-layout-flex wp-container-core-columns-is-layout-9d6595d7 wp-block-columns-is-layout-flex\">\n<div class=\"wp-block-column is-layout-flow wp-block-column-is-layout-flow\" style=\"flex-basis:40%\">\n<a href=\"https:\/\/www.farmad.be\/fr\/contact\/ma-pharmacie-farmad\/\" class=\"c-card c-card-small\"><img decoding=\"async\" src=\"https:\/\/www.farmad.be\/wp-content\/uploads\/2021\/10\/icon-farmad-apotheek-online.jpg\"\/><div class=\"u-padding-sm\">\n<h3 class=\"wp-block-heading has-text-align-left\">Ma Pharmacie Farmad<\/h3>\n\n\n\n<p><\/p>\n<\/div><\/a>\n\n\n\n<div style=\"height:60px\" aria-hidden=\"true\" class=\"wp-block-spacer\"><\/div>\n<\/div>\n\n\n\n<div class=\"wp-block-column is-layout-flow wp-block-column-is-layout-flow\" style=\"flex-basis:40%\">\n<a href=\"https:\/\/www.farmad.be\/fr\/contact\/ordonnance-en-poche\/\" class=\"c-card c-card-small\"><img decoding=\"async\" src=\"https:\/\/www.farmad.be\/wp-content\/uploads\/2021\/10\/icon-voorschrift-op-zak-1.jpg\"\/><div class=\"u-padding-sm\">\n<h3 class=\"wp-block-heading\">Ordonnance en Poche<\/h3>\n<\/div><\/a>\n\n\n\n<div style=\"height:60px\" aria-hidden=\"true\" class=\"wp-block-spacer\"><\/div>\n<\/div>\n\n\n\n<div class=\"wp-block-column is-layout-flow wp-block-column-is-layout-flow\"><\/div>\n<\/div>\n<\/div><\/div>\n\n\n\n<h2 class=\"wp-block-heading has-secondary-color has-text-color has-medium-font-size\">Avez-vous une autre question pour Farmad ?<\/h2>\n\n\n\n<div style=\"height:30px\" aria-hidden=\"true\" class=\"wp-block-spacer\"><\/div>\n\n\n\n<div class=\"wp-block-columns is-layout-flex wp-container-core-columns-is-layout-9d6595d7 wp-block-columns-is-layout-flex\">\n<div class=\"wp-block-column is-layout-flow wp-block-column-is-layout-flow\" style=\"flex-basis:40%\">\n<a href=\"https:\/\/www.farmad.be\/fr\/contact\/question-generale-pour-farmad\/\" class=\"c-card c-card-small\"><img decoding=\"async\" src=\"https:\/\/www.farmad.be\/wp-content\/uploads\/2021\/07\/farmad-home.png\"\/><div class=\"u-padding-sm\">\n<h3 class=\"wp-block-heading\">Contact g\u00e9n\u00e9ral<\/h3>\n<\/div><\/a>\n<\/div>\n\n\n\n<div class=\"wp-block-column is-layout-flow wp-block-column-is-layout-flow\"><\/div>\n\n\n\n<div class=\"wp-block-column is-layout-flow wp-block-column-is-layout-flow\"><\/div>\n<\/div>\n<\/div><\/div>\n\n\n\n<div style=\"height:80px\" aria-hidden=\"true\" class=\"wp-block-spacer\"><\/div>\n","protected":false},"excerpt":{"rendered":"<p>Home Contactez-nous Votre question arrive toujours chez la bonne personne.Faites votre choix. \u00cates-vous pharmacien ? \u00cates-vous pati\u00ebnt ? Avez-vous une autre question pour Farmad ?<\/p>\n","protected":false},"author":3,"featured_media":0,"parent":0,"menu_order":0,"comment_status":"closed","ping_status":"closed","template":"","meta":{"_page_landingpage_footer":false,"footnotes":""},"class_list":["post-2476","page","type-page","status-publish","hentry"],"_links":{"self":[{"href":"https:\/\/www.farmad.be\/fr\/wp-json\/wp\/v2\/pages\/2476","targetHints":{"allow":["GET"]}}],"collection":[{"href":"https:\/\/www.farmad.be\/fr\/wp-json\/wp\/v2\/pages"}],"about":[{"href":"https:\/\/www.farmad.be\/fr\/wp-json\/wp\/v2\/types\/page"}],"author":[{"embeddable":true,"href":"https:\/\/www.farmad.be\/fr\/wp-json\/wp\/v2\/users\/3"}],"replies":[{"embeddable":true,"href":"https:\/\/www.farmad.be\/fr\/wp-json\/wp\/v2\/comments?post=2476"}],"version-history":[{"count":21,"href":"https:\/\/www.farmad.be\/fr\/wp-json\/wp\/v2\/pages\/2476\/revisions"}],"predecessor-version":[{"id":4404,"href":"https:\/\/www.farmad.be\/fr\/wp-json\/wp\/v2\/pages\/2476\/revisions\/4404"}],"wp:attachment":[{"href":"https:\/\/www.farmad.be\/fr\/wp-json\/wp\/v2\/media?parent=2476"}],"curies":[{"name":"wp","href":"https:\/\/api.w.org\/{rel}","templated":true}]}}