{"id":2472,"date":"2021-03-15T14:50:48","date_gmt":"2021-03-15T13:50:48","guid":{"rendered":"https:\/\/www.farmad.be\/?page_id=2472"},"modified":"2021-08-16T13:04:31","modified_gmt":"2021-08-16T12:04:31","slug":"offres-demploi","status":"publish","type":"page","link":"https:\/\/www.farmad.be\/fr\/offres-demploi\/","title":{"rendered":"Offres d&#8217;emploi"},"content":{"rendered":"\n<section class=\"wp-block-typografics-core-header\"><header class=\"c-header c-header-wrapper u-padding-y-xxl c-header-wrapper-s\"><figure class=\"c-header-img o-flex o-flex-align-items-center\"><img decoding=\"async\" src=\"https:\/\/www.farmad.be\/wp-content\/uploads\/2020\/10\/farmad_home.jpg\" class=\"c-header-img\"\/><figcaption class=\"c-header-content\"><div class=\"o-container\">\n<div class=\"wp-block-columns is-layout-flex wp-container-core-columns-is-layout-9d6595d7 wp-block-columns-is-layout-flex\">\n<div class=\"wp-block-column is-layout-flow wp-block-column-is-layout-flow\" style=\"flex-basis:10%\"><\/div>\n\n\n\n<div class=\"wp-block-column is-layout-flow wp-block-column-is-layout-flow\" style=\"flex-basis:80%\">\n<div style=\"height:30px\" aria-hidden=\"true\" class=\"wp-block-spacer\"><\/div>\n\n\n\n<h1 class=\"has-text-align-center has-quinary-color has-text-color wp-block-heading\"><strong>Offres d&#8217;emploi<\/strong><\/h1>\n\n\n\n<h2 class=\"has-text-align-center wp-block-heading\"><strong><strong>Ensemble, nous am\u00e9liorons les soins num\u00e9riques de demain<\/strong><\/strong><\/h2>\n<\/div>\n\n\n\n<div class=\"wp-block-column is-layout-flow wp-block-column-is-layout-flow\" style=\"flex-basis:10%\"><\/div>\n<\/div>\n\n\n\n<p><\/p>\n<\/div><\/figcaption><\/figure><\/header><\/section>\n\n\n\n<div style=\"height:80px\" aria-hidden=\"true\" class=\"wp-block-spacer\"><\/div>\n\n\n\n<div class=\"wp-block-columns o-container is-layout-flex wp-container-core-columns-is-layout-9d6595d7 wp-block-columns-is-layout-flex\">\n<div class=\"wp-block-column is-layout-flow wp-block-column-is-layout-flow\">\n<figure class=\"wp-block-image size-full is-resized\"><img loading=\"lazy\" decoding=\"async\" src=\"https:\/\/www.farmad.be\/wp-content\/uploads\/2021\/07\/farmad-vernieuwing.png\" alt=\"\" class=\"wp-image-3649\" width=\"80\" height=\"80\" srcset=\"https:\/\/www.farmad.be\/wp-content\/uploads\/2021\/07\/farmad-vernieuwing.png 160w, https:\/\/www.farmad.be\/wp-content\/uploads\/2021\/07\/farmad-vernieuwing-150x150.png 150w\" sizes=\"auto, (max-width: 80px) 100vw, 80px\" \/><\/figure>\n\n\n\n<div style=\"height:30px\" aria-hidden=\"true\" class=\"wp-block-spacer\"><\/div>\n\n\n\n<h3 class=\"wp-block-heading\"><strong><strong>Guid\u00e9s par l\u2019innovation<\/strong><\/strong><\/h3>\n\n\n\n<p><\/p>\n\n\n\n<p><\/p>\n\n\n\n<p>Ensemble, nous cherchons \u00e0 faciliter le travail de nos clients et la vie de leurs patients. C\u2019est la raison pour laquelle nous nous levons tous les matins. Nous nous inspirons de ce dont le pharmacien du futur a besoin. Et c\u2019est ce qui donne envie de travailler chez Farmad.<\/p>\n<\/div>\n\n\n\n<div class=\"wp-block-column is-layout-flow wp-block-column-is-layout-flow\">\n<figure class=\"wp-block-image size-full is-resized\"><img loading=\"lazy\" decoding=\"async\" src=\"https:\/\/www.farmad.be\/wp-content\/uploads\/2021\/07\/farmad-respectvol.png\" alt=\"\" class=\"wp-image-3651\" width=\"80\" height=\"80\" srcset=\"https:\/\/www.farmad.be\/wp-content\/uploads\/2021\/07\/farmad-respectvol.png 160w, https:\/\/www.farmad.be\/wp-content\/uploads\/2021\/07\/farmad-respectvol-150x150.png 150w\" sizes=\"auto, (max-width: 80px) 100vw, 80px\" \/><\/figure>\n\n\n\n<div style=\"height:30px\" aria-hidden=\"true\" class=\"wp-block-spacer\"><\/div>\n\n\n\n<h3 class=\"wp-block-heading\"><strong><strong><strong>Dans le respect et en toute transparence<\/strong><\/strong><\/strong><\/h3>\n\n\n\n<p>L\u2019atmosph\u00e8re informelle qui r\u00e8gne au sein de l\u2019entreprise pose les bases humaines n\u00e9cessaires \u00e0 de belles r\u00e9alisations techniques. Tous, nous voulons toujours nous am\u00e9liorer et, si possible, avoir une longueur d&rsquo;avance.<\/p>\n<\/div>\n\n\n\n<div class=\"wp-block-column is-layout-flow wp-block-column-is-layout-flow\">\n<figure class=\"wp-block-image size-full is-resized\"><img loading=\"lazy\" decoding=\"async\" src=\"https:\/\/www.farmad.be\/wp-content\/uploads\/2021\/07\/farmad-competenties.png\" alt=\"\" class=\"wp-image-3653\" width=\"80\" height=\"80\" srcset=\"https:\/\/www.farmad.be\/wp-content\/uploads\/2021\/07\/farmad-competenties.png 160w, https:\/\/www.farmad.be\/wp-content\/uploads\/2021\/07\/farmad-competenties-150x150.png 150w\" sizes=\"auto, (max-width: 80px) 100vw, 80px\" \/><\/figure>\n\n\n\n<div style=\"height:30px\" aria-hidden=\"true\" class=\"wp-block-spacer\"><\/div>\n\n\n\n<h3 class=\"wp-block-heading\"><strong><strong><strong><strong><strong>L\u2019expertise comme base<\/strong><\/strong><\/strong><\/strong><\/strong><\/h3>\n\n\n\n<p><\/p>\n\n\n\n<p><\/p>\n\n\n\n<p>Les collaborateurs ont l\u2019opportunit\u00e9 de mettre en \u0153uvre leurs comp\u00e9tences, leur exp\u00e9rience et leur responsabilit\u00e9 pour am\u00e9liorer les soins num\u00e9riques de demain et d&rsquo;apr\u00e8s-demain . Nous sommes heureux de travailler ici, ensemble, comme une seule \u00e9quipe.<\/p>\n<\/div>\n<\/div>\n\n\n\n<div style=\"height:60px\" aria-hidden=\"true\" class=\"wp-block-spacer\"><\/div>\n\n\n\n<h2 class=\"o-container wp-block-heading\"><strong>Nous recherchons actuellement ces profils<\/strong><\/h2>\n\n\n\n<div style=\"height:30px\" aria-hidden=\"true\" class=\"wp-block-spacer\"><\/div>\n\n\n<div class='o-container'><div class='o-grid'><div class=\"o-col o-col-12 o-col-6-md o-col-3-lg\"><a href=\"https:\/\/www.farmad.be\/fr\/offre-emploi\/customer-support-medewerker-m-v-fr\/\" class=\"c-card c-thumbnail-job u-padding-sm\"><img decoding=\"async\" src=\"\" \/><h3>Collaborateur Customer Support (h\/f)<\/h3><p>Vous \u00eates un lien important entre l\u2019utilisateur final et notre organisation. Vous assistez nos clients dans l\u2019exploitation quotidienne de leur infrastructure informatique.  Vous contribuez ainsi directement \u00e0 leur offrir un service de qualit\u00e9.<\/p><p class=\"c-button-link u-margin-none\">Appliquer maintenant \u2192<\/p><\/a><\/div><\/div><\/div>\n\n\n<div style=\"height:80px\" aria-hidden=\"true\" class=\"wp-block-spacer\"><\/div>\n\n\n\n<h2 class=\"o-container wp-block-heading\">Travailler o\u00f9 que vous voulez<\/h2>\n\n\n\n<div style=\"height:30px\" aria-hidden=\"true\" class=\"wp-block-spacer\"><\/div>\n\n\n\n<div class=\"wp-block-columns o-container is-layout-flex wp-container-core-columns-is-layout-9d6595d7 wp-block-columns-is-layout-flex\">\n<div class=\"wp-block-column is-layout-flow wp-block-column-is-layout-flow\">\n<div class=\"wp-block-typografics-core-mini-card c-card c-card-small\"><img decoding=\"async\" src=\"https:\/\/www.farmad.be\/wp-content\/uploads\/2020\/10\/farmad_locatie_kruibeke.jpg\"\/><div class=\"u-padding-sm\">\n<h4 class=\"wp-block-heading\">Si\u00e8ge principal \u00e0 Melsele<\/h4>\n\n\n\n<p class=\"has-quinary-color has-text-color\">Schaarbeekstraat 19 bus 1<br>9120 Melsele (Beveren)<\/p>\n<\/div><\/div>\n\n\n\n<div style=\"height:20px\" aria-hidden=\"true\" class=\"wp-block-spacer\"><\/div>\n\n\n\n<section class=\"c-map\">\n<iframe loading=\"lazy\" src=\"https:\/\/www.google.com\/maps\/embed?pb=!1m14!1m8!1m3!1d10000.379445770172!2d4.3144508!3d51.1989037!3m2!1i1024!2i768!4f13.1!3m3!1m2!1s0x0%3A0xc123247e0e821dd0!2sFarmad!5e0!3m2!1snl!2sbe!4v1603465362880!5m2!1snl!2sbe\" width=\"1920\" height=\"450\" frameborder=\"0\" style=\"border:0;\" allowfullscreen=\"\" aria-hidden=\"false\" tabindex=\"0\"><\/iframe>\n<\/section>\n\n\n\n<div style=\"height:20px\" aria-hidden=\"true\" class=\"wp-block-spacer\"><\/div>\n<\/div>\n\n\n\n<div class=\"wp-block-column is-layout-flow wp-block-column-is-layout-flow\">\n<div class=\"wp-block-typografics-core-mini-card c-card c-card-small\"><img decoding=\"async\" src=\"https:\/\/www.farmad.be\/wp-content\/uploads\/2020\/11\/Gebouw-Mechelen-min-e1606126952185.png\"\/><div class=\"u-padding-sm\">\n<h4 class=\"wp-block-heading\">HUB \u00e0 Malines<\/h4>\n\n\n\n<p class=\"has-quinary-color has-text-color\">Schali\u00ebnhoevedreef 20\/D<br>2800 Malines<\/p>\n<\/div><\/div>\n\n\n\n<div style=\"height:20px\" aria-hidden=\"true\" class=\"wp-block-spacer\"><\/div>\n\n\n\n<section class=\"c-map\">\n<iframe loading=\"lazy\" src=\"https:\/\/www.google.com\/maps\/embed?pb=!1m18!1m12!1m3!1d2507.8232160034668!2d4.4569902158331365!3d51.056351979563544!2m3!1f0!2f0!3f0!3m2!1i1024!2i768!4f13.1!3m3!1m2!1s0x47c3e57694f5e96b%3A0xf2784ae94c70cb60!2sSchali%C3%ABnhoevedreef%2020d%2C%202800%20Mechelen!5e0!3m2!1snl!2sbe!4v1604493983782!5m2!1snl!2sbe\" width=\"1920\" height=\"450\" frameborder=\"0\" style=\"border:0;\" allowfullscreen=\"\" aria-hidden=\"false\" tabindex=\"0\"><\/iframe>\n<\/section>\n<\/div>\n<\/div>\n\n\n\n<div style=\"height:80px\" aria-hidden=\"true\" class=\"wp-block-spacer\"><\/div>\n\n\n\n<section class=\"wp-block-typografics-core-cta\"><div class=\"o-container\"><div class=\"o-flex o-flex-column o-flex-row-lg o-flex-align-items-center o-flex-justify-content-between-lg u-corners-round has-secondary-background-color u-padding-md u-padding-xxl-lg u-bg-by-small \">\n<h2 class=\"has-light-color has-text-color wp-block-heading\"><strong>Envie de nous rencontrer?<\/strong><\/h2>\n\n\n\n<div class=\"wp-block-button\"><a class=\"wp-block-button__link has-secondary-color has-light-background-color has-text-color has-background\" href=\"http:\/\/farmad.be\/fr\/contact?utm_tag=vacatures\">Contactez-nous<\/a><\/div>\n<\/div><\/div><\/section>\n","protected":false},"excerpt":{"rendered":"<p>Guid\u00e9s par l\u2019innovation Ensemble, nous cherchons \u00e0 faciliter le travail de nos clients et la vie de leurs patients. C\u2019est la raison pour laquelle nous nous levons tous les matins. Nous nous inspirons de ce dont le pharmacien du futur a besoin. Et c\u2019est ce qui donne envie de travailler chez Farmad. Dans le respect [&hellip;]<\/p>\n","protected":false},"author":3,"featured_media":0,"parent":0,"menu_order":0,"comment_status":"closed","ping_status":"closed","template":"","meta":{"_page_landingpage_footer":false,"footnotes":""},"class_list":["post-2472","page","type-page","status-publish","hentry"],"_links":{"self":[{"href":"https:\/\/www.farmad.be\/fr\/wp-json\/wp\/v2\/pages\/2472","targetHints":{"allow":["GET"]}}],"collection":[{"href":"https:\/\/www.farmad.be\/fr\/wp-json\/wp\/v2\/pages"}],"about":[{"href":"https:\/\/www.farmad.be\/fr\/wp-json\/wp\/v2\/types\/page"}],"author":[{"embeddable":true,"href":"https:\/\/www.farmad.be\/fr\/wp-json\/wp\/v2\/users\/3"}],"replies":[{"embeddable":true,"href":"https:\/\/www.farmad.be\/fr\/wp-json\/wp\/v2\/comments?post=2472"}],"version-history":[{"count":19,"href":"https:\/\/www.farmad.be\/fr\/wp-json\/wp\/v2\/pages\/2472\/revisions"}],"predecessor-version":[{"id":3816,"href":"https:\/\/www.farmad.be\/fr\/wp-json\/wp\/v2\/pages\/2472\/revisions\/3816"}],"wp:attachment":[{"href":"https:\/\/www.farmad.be\/fr\/wp-json\/wp\/v2\/media?parent=2472"}],"curies":[{"name":"wp","href":"https:\/\/api.w.org\/{rel}","templated":true}]}}