{"id":2470,"date":"2021-03-15T14:19:19","date_gmt":"2021-03-15T13:19:19","guid":{"rendered":"https:\/\/www.farmad.be\/?page_id=2470"},"modified":"2021-08-16T13:03:46","modified_gmt":"2021-08-16T12:03:46","slug":"a-propos-de-farmad","status":"publish","type":"page","link":"https:\/\/www.farmad.be\/fr\/a-propos-de-farmad\/","title":{"rendered":"\u00c0 propos de Farmad"},"content":{"rendered":"\n<section class=\"wp-block-typografics-core-header\"><header class=\"c-header c-header-wrapper u-padding-y-xxl c-header-wrapper-s\"><figure class=\"c-header-img o-flex o-flex-align-items-center\"><img decoding=\"async\" src=\"https:\/\/www.farmad.be\/wp-content\/uploads\/2020\/10\/farmad_home.jpg\" class=\"c-header-img\"\/><figcaption class=\"c-header-content\"><div class=\"o-container\">\n<div class=\"wp-block-columns is-layout-flex wp-container-core-columns-is-layout-9d6595d7 wp-block-columns-is-layout-flex\">\n<div class=\"wp-block-column is-layout-flow wp-block-column-is-layout-flow\" style=\"flex-basis:10%\"><\/div>\n\n\n\n<div class=\"wp-block-column is-layout-flow wp-block-column-is-layout-flow\" style=\"flex-basis:80%\">\n<div style=\"height:30px\" aria-hidden=\"true\" class=\"wp-block-spacer\"><\/div>\n\n\n\n<h1 class=\"has-text-align-center has-quinary-color has-text-color wp-block-heading\"><strong>Votre partenaire dans la num\u00e9risation <\/strong><\/h1>\n\n\n\n<h1 class=\"has-text-align-center has-quinary-color has-text-color wp-block-heading\"><strong>de votre pharmacie<\/strong><\/h1>\n<\/div>\n\n\n\n<div class=\"wp-block-column is-layout-flow wp-block-column-is-layout-flow\" style=\"flex-basis:10%\"><\/div>\n<\/div>\n<\/div><\/figcaption><\/figure><\/header><\/section>\n\n\n\n<div style=\"height:80px\" aria-hidden=\"true\" class=\"wp-block-spacer\"><\/div>\n\n\n\n<div class=\"wp-block-columns o-container is-layout-flex wp-container-core-columns-is-layout-9d6595d7 wp-block-columns-is-layout-flex\">\n<div class=\"wp-block-column is-layout-flow wp-block-column-is-layout-flow\" style=\"flex-basis:10%\"><\/div>\n\n\n\n<div class=\"wp-block-column is-layout-flow wp-block-column-is-layout-flow\" style=\"flex-basis:80%\">\n<h2 class=\"has-text-align-center wp-block-heading\"><strong>Une histoire unique depuis 20 ans, <\/strong><\/h2>\n\n\n\n<h2 class=\"has-text-align-center wp-block-heading\"><strong>celle d\u2019un leader du march\u00e9<\/strong><\/h2>\n\n\n\n<p class=\"has-text-align-center\">Jour apr\u00e8s jour, nous travaillons avec passion pour mettre au point des solutions num\u00e9riques bien pens\u00e9es qui soutiennent nos pharmaciens dans leurs activit\u00e9s et le suivi des patients.<\/p>\n\n\n\n<p class=\"has-text-align-center\">Notre logiciel r\u00e9pond aux besoins tant des pharmaciens <strong>ind\u00e9pendants<\/strong> belges que des <strong>groupes<\/strong> de pharmacies. Nous recherchons des<strong> solutions rentables et fiables<\/strong> pour le futur.<\/p>\n\n\n\n<p class=\"has-text-align-center\">Notre \u00e9quipe accompagne et inspire nos clients pour qu\u2019ils conservent des <strong>relations durables avec leurs patients.<\/strong> Nous voulons ainsi progresser en tant que partenaire, expert et impliqu\u00e9, pour chaque pharmacien.<\/p>\n<\/div>\n\n\n\n<div class=\"wp-block-column is-layout-flow wp-block-column-is-layout-flow\" style=\"flex-basis:10%\"><\/div>\n<\/div>\n\n\n\n<div style=\"height:80px\" aria-hidden=\"true\" class=\"wp-block-spacer\"><\/div>\n\n\n\n<div class=\"wp-block-columns o-container is-layout-flex wp-container-core-columns-is-layout-9d6595d7 wp-block-columns-is-layout-flex\">\n<div class=\"wp-block-column is-layout-flow wp-block-column-is-layout-flow\">\n<div class=\"wp-block-typografics-core-counter c-counter\"><figure><img decoding=\"async\" src=\"https:\/\/www.farmad.be\/wp-content\/uploads\/2021\/07\/employee.svg\" class=\"c-counter-icon\"\/><\/figure><p class=\"c-counter-number undefined\">49<\/p><p class=\"c-counter-text undefined\">collaborateurs motiv\u00e9s<\/p><\/div>\n<\/div>\n\n\n\n<div class=\"wp-block-column is-layout-flow wp-block-column-is-layout-flow\">\n<div class=\"wp-block-typografics-core-counter c-counter\"><figure><img decoding=\"async\" src=\"https:\/\/www.farmad.be\/wp-content\/uploads\/2021\/07\/drugstore.svg\" class=\"c-counter-icon\"\/><\/figure><p class=\"c-counter-number undefined\">1400<\/p><p class=\"c-counter-text undefined\">clients satisfaits<\/p><\/div>\n<\/div>\n\n\n\n<div class=\"wp-block-column is-layout-flow wp-block-column-is-layout-flow\">\n<div class=\"wp-block-typografics-core-counter c-counter\"><figure><img decoding=\"async\" src=\"https:\/\/www.farmad.be\/wp-content\/uploads\/2021\/07\/patient.svg\" class=\"c-counter-icon\"\/><\/figure><p class=\"c-counter-number undefined\">3500000<\/p><p class=\"c-counter-text undefined\">pati\u00ebnts par an<\/p><\/div>\n<\/div>\n<\/div>\n\n\n\n<div style=\"height:80px\" aria-hidden=\"true\" class=\"wp-block-spacer\"><\/div>\n\n\n\n<section class=\"wp-block-typografics-core-cta\"><div class=\"o-container\"><div class=\"o-flex o-flex-column o-flex-row-lg o-flex-align-items-center o-flex-justify-content-between-lg u-corners-round has-secondary-background-color u-padding-md u-padding-xxl-lg u-bg-by-small \">\n<h2 class=\"has-light-color has-text-color wp-block-heading\">La tranquilit\u00e9 d&rsquo;esprit pour l&rsquo;avenir, notre promesse<\/h2>\n\n\n\n<div class=\"wp-block-button\"><a class=\"wp-block-button__link has-secondary-color has-light-background-color has-text-color has-background\" href=\"https:\/\/farmad.be\/fr\/contact?utm_tag=a-propos-de-farmad\">Contactez-nous<\/a><\/div>\n<\/div><\/div><\/section>\n\n\n\n<p><\/p>\n","protected":false},"excerpt":{"rendered":"<p>Une histoire unique depuis 20 ans, celle d\u2019un leader du march\u00e9 Jour apr\u00e8s jour, nous travaillons avec passion pour mettre au point des solutions num\u00e9riques bien pens\u00e9es qui soutiennent nos pharmaciens dans leurs activit\u00e9s et le suivi des patients. Notre logiciel r\u00e9pond aux besoins tant des pharmaciens ind\u00e9pendants belges que des groupes de pharmacies. Nous [&hellip;]<\/p>\n","protected":false},"author":3,"featured_media":0,"parent":0,"menu_order":0,"comment_status":"closed","ping_status":"closed","template":"","meta":{"_page_landingpage_footer":false,"footnotes":""},"class_list":["post-2470","page","type-page","status-publish","hentry"],"_links":{"self":[{"href":"https:\/\/www.farmad.be\/fr\/wp-json\/wp\/v2\/pages\/2470","targetHints":{"allow":["GET"]}}],"collection":[{"href":"https:\/\/www.farmad.be\/fr\/wp-json\/wp\/v2\/pages"}],"about":[{"href":"https:\/\/www.farmad.be\/fr\/wp-json\/wp\/v2\/types\/page"}],"author":[{"embeddable":true,"href":"https:\/\/www.farmad.be\/fr\/wp-json\/wp\/v2\/users\/3"}],"replies":[{"embeddable":true,"href":"https:\/\/www.farmad.be\/fr\/wp-json\/wp\/v2\/comments?post=2470"}],"version-history":[{"count":5,"href":"https:\/\/www.farmad.be\/fr\/wp-json\/wp\/v2\/pages\/2470\/revisions"}],"predecessor-version":[{"id":3814,"href":"https:\/\/www.farmad.be\/fr\/wp-json\/wp\/v2\/pages\/2470\/revisions\/3814"}],"wp:attachment":[{"href":"https:\/\/www.farmad.be\/fr\/wp-json\/wp\/v2\/media?parent=2470"}],"curies":[{"name":"wp","href":"https:\/\/api.w.org\/{rel}","templated":true}]}}