{"id":2467,"date":"2021-03-15T12:39:13","date_gmt":"2021-03-15T11:39:13","guid":{"rendered":"https:\/\/www.farmad.be\/?page_id=2467"},"modified":"2021-08-16T13:11:42","modified_gmt":"2021-08-16T12:11:42","slug":"infrastructure-optimale","status":"publish","type":"page","link":"https:\/\/www.farmad.be\/fr\/solutions\/infrastructure-optimale\/","title":{"rendered":"Infrastructure optimale"},"content":{"rendered":"\n<div class=\"wp-block-group has-light-background-color has-background\"><div class=\"wp-block-group__inner-container is-layout-flow wp-block-group-is-layout-flow\">\n<div style=\"height:50px\" aria-hidden=\"true\" class=\"wp-block-spacer\"><\/div>\n\n\n\n<h1 class=\"is-style-g-container o-container has-secondary-color has-text-color wp-block-heading\">Infrastructure optimale<\/h1>\n\n\n\n<div style=\"height:50px\" aria-hidden=\"true\" class=\"wp-block-spacer\"><\/div>\n<\/div><\/div>\n\n\n\n<div class=\"wp-block-columns o-container o-flex-reverse-order o-flex-reverse-order-lg is-layout-flex wp-container-core-columns-is-layout-9d6595d7 wp-block-columns-is-layout-flex\">\n<div class=\"wp-block-column is-vertically-aligned-center is-layout-flow wp-block-column-is-layout-flow\">\n<div style=\"height:50px\" aria-hidden=\"true\" class=\"wp-block-spacer\"><\/div>\n\n\n\n<h2 class=\"wp-block-heading\"><strong>Une solution tout-en-un<\/strong><\/h2>\n\n\n\n<p><\/p>\n\n\n\n<p>Nous vous d\u00e9chargeons des soucis informatiques et configurons un r\u00e9seau optimal, sur mesure pour votre officine. <strong>La fiabilit\u00e9, la connectivit\u00e9 et la s\u00e9curit\u00e9 de votre infrastructure<\/strong> ont toute notre attention. Con\u00e7u pr\u00e9cis\u00e9ment en fonction de votre propre processus de travail en pharmacie. Gr\u00e2ce \u00e0 notre solution tout-en-un, vous concr\u00e9tisez vos ambitions.<\/p>\n\n\n\n<p> <\/p>\n\n\n\n<p><\/p>\n<\/div>\n\n\n\n<div class=\"wp-block-column u-margin-top-xs-neg u-margin-top-s-neg-xl is-layout-flow wp-block-column-is-layout-flow\">\n<figure class=\"wp-block-image size-large u-corners-round\"><img loading=\"lazy\" decoding=\"async\" width=\"800\" height=\"600\" src=\"https:\/\/www.farmad.be\/wp-content\/uploads\/2020\/10\/infrastructuur.jpg\" alt=\"\" class=\"wp-image-1501\" srcset=\"https:\/\/www.farmad.be\/wp-content\/uploads\/2020\/10\/infrastructuur.jpg 800w, https:\/\/www.farmad.be\/wp-content\/uploads\/2020\/10\/infrastructuur-300x225.jpg 300w, https:\/\/www.farmad.be\/wp-content\/uploads\/2020\/10\/infrastructuur-768x576.jpg 768w\" sizes=\"auto, (max-width: 800px) 100vw, 800px\" \/><\/figure>\n<\/div>\n<\/div>\n\n\n\n<div style=\"height:40px\" aria-hidden=\"true\" class=\"wp-block-spacer\"><\/div>\n\n\n\n<div class=\"wp-block-columns o-container is-layout-flex wp-container-core-columns-is-layout-9d6595d7 wp-block-columns-is-layout-flex\">\n<div class=\"wp-block-column is-layout-flow wp-block-column-is-layout-flow\">\n<figure class=\"wp-block-image size-large\"><img loading=\"lazy\" decoding=\"async\" width=\"800\" height=\"600\" src=\"https:\/\/www.farmad.be\/wp-content\/uploads\/2020\/10\/server-scherm.jpg\" alt=\"\" class=\"wp-image-1503\" srcset=\"https:\/\/www.farmad.be\/wp-content\/uploads\/2020\/10\/server-scherm.jpg 800w, https:\/\/www.farmad.be\/wp-content\/uploads\/2020\/10\/server-scherm-300x225.jpg 300w, https:\/\/www.farmad.be\/wp-content\/uploads\/2020\/10\/server-scherm-768x576.jpg 768w\" sizes=\"auto, (max-width: 800px) 100vw, 800px\" \/><\/figure>\n<\/div>\n\n\n\n<div class=\"wp-block-column is-vertically-aligned-center is-layout-flow wp-block-column-is-layout-flow\">\n<h2 class=\"wp-block-heading\"><strong>Un mat\u00e9riel fiable<\/strong><\/h2>\n\n\n\n<p><\/p>\n\n\n\n<p>Ne faites pas attendre vos patients. Vous devez toujours pouvoir compter sur la disponibilit\u00e9 de votre syst\u00e8me. La fiabilit\u00e9 de votre \u00e9quipement est cruciale. D\u00e8s lors, faites confiance \u00e0 nos sp\u00e9cialistes.<\/p>\n<\/div>\n<\/div>\n\n\n\n<div style=\"height:30px\" aria-hidden=\"true\" class=\"wp-block-spacer\"><\/div>\n\n\n\n<div class=\"wp-block-columns o-container o-flex-reverse-order o-flex-reverse-order-lg is-layout-flex wp-container-core-columns-is-layout-9d6595d7 wp-block-columns-is-layout-flex\">\n<div class=\"wp-block-column is-vertically-aligned-center is-layout-flow wp-block-column-is-layout-flow\">\n<h2 class=\"wp-block-heading\"><strong>La s\u00e9curit\u00e9 avant tout<\/strong><\/h2>\n\n\n\n<p><\/p>\n\n\n\n<p>Vous travaillez avec des donn\u00e9es \u00e0 caract\u00e8re personnel confidentielles sur diff\u00e9rentes plateformes e-health. Les fuites ne sont pas tol\u00e9r\u00e9es&nbsp;: la s\u00e9curit\u00e9 de votre r\u00e9seau est donc capitale. Nous prot\u00e9geons votre officine.<\/p>\n<\/div>\n\n\n\n<div class=\"wp-block-column is-layout-flow wp-block-column-is-layout-flow\">\n<figure class=\"wp-block-image size-large\"><img loading=\"lazy\" decoding=\"async\" width=\"800\" height=\"800\" src=\"https:\/\/www.farmad.be\/wp-content\/uploads\/2020\/10\/firewall.jpg\" alt=\"\" class=\"wp-image-1507\" srcset=\"https:\/\/www.farmad.be\/wp-content\/uploads\/2020\/10\/firewall.jpg 800w, https:\/\/www.farmad.be\/wp-content\/uploads\/2020\/10\/firewall-300x300.jpg 300w, https:\/\/www.farmad.be\/wp-content\/uploads\/2020\/10\/firewall-150x150.jpg 150w, https:\/\/www.farmad.be\/wp-content\/uploads\/2020\/10\/firewall-768x768.jpg 768w\" sizes=\"auto, (max-width: 800px) 100vw, 800px\" \/><\/figure>\n\n\n\n<p><\/p>\n<\/div>\n<\/div>\n\n\n\n<div class=\"wp-block-columns o-container is-layout-flex wp-container-core-columns-is-layout-9d6595d7 wp-block-columns-is-layout-flex\">\n<div class=\"wp-block-column is-layout-flow wp-block-column-is-layout-flow\">\n<figure class=\"wp-block-image size-large\"><img loading=\"lazy\" decoding=\"async\" width=\"800\" height=\"593\" src=\"https:\/\/www.farmad.be\/wp-content\/uploads\/2020\/10\/laptop-rechts-met-twin.jpg\" alt=\"\" class=\"wp-image-1506\" srcset=\"https:\/\/www.farmad.be\/wp-content\/uploads\/2020\/10\/laptop-rechts-met-twin.jpg 800w, https:\/\/www.farmad.be\/wp-content\/uploads\/2020\/10\/laptop-rechts-met-twin-300x222.jpg 300w, https:\/\/www.farmad.be\/wp-content\/uploads\/2020\/10\/laptop-rechts-met-twin-768x569.jpg 768w\" sizes=\"auto, (max-width: 800px) 100vw, 800px\" \/><\/figure>\n<\/div>\n\n\n\n<div class=\"wp-block-column is-vertically-aligned-center is-layout-flow wp-block-column-is-layout-flow\">\n<h2 class=\"wp-block-heading\"><strong>Un poste de travail flexible<\/strong><\/h2>\n\n\n\n<p><\/p>\n\n\n\n<p>\u00ab&nbsp;Anytime, anywhere&nbsp;\u00bb&nbsp;: cela vaut \u00e9galement pour la gestion de votre pharmacie. Gr\u00e2ce \u00e0 une connexion s\u00e9curis\u00e9e, vous vous connectez \u00e0 distance au syst\u00e8me de votre pharmacie. Vous travaillez o\u00f9 et quand cela vous convient.<\/p>\n<\/div>\n<\/div>\n\n\n\n<div style=\"height:40px\" aria-hidden=\"true\" class=\"wp-block-spacer\"><\/div>\n\n\n\n<section class=\"wp-block-typografics-core-cta\"><div class=\"o-container\"><div class=\"o-flex o-flex-column o-flex-row-lg o-flex-align-items-center o-flex-justify-content-between-lg u-corners-round has-secondary-background-color u-padding-md u-padding-xxl-lg u-bg-by-small \">\n<h2 class=\"has-light-color has-text-color wp-block-heading\"><strong><strong><strong><strong>Vous voulez jouer \u00e0 s\u00e9rurit\u00e9 ?<\/strong><\/strong><\/strong><\/strong><\/h2>\n\n\n\n<div class=\"wp-block-button\"><a class=\"wp-block-button__link has-secondary-color has-light-background-color has-text-color has-background\" href=\"https:\/\/farmad.be\/fr\/demoaanvraag?utm_tag=infrastructure-optimale\">Contactez-nous<\/a><\/div>\n<\/div><\/div><\/section>\n\n\n\n<p><\/p>\n","protected":false},"excerpt":{"rendered":"<p>Infrastructure optimale Une solution tout-en-un Nous vous d\u00e9chargeons des soucis informatiques et configurons un r\u00e9seau optimal, sur mesure pour votre officine. La fiabilit\u00e9, la connectivit\u00e9 et la s\u00e9curit\u00e9 de votre infrastructure ont toute notre attention. Con\u00e7u pr\u00e9cis\u00e9ment en fonction de votre propre processus de travail en pharmacie. Gr\u00e2ce \u00e0 notre solution tout-en-un, vous concr\u00e9tisez vos [&hellip;]<\/p>\n","protected":false},"author":3,"featured_media":1908,"parent":2482,"menu_order":0,"comment_status":"closed","ping_status":"closed","template":"","meta":{"_page_landingpage_footer":false,"footnotes":""},"class_list":["post-2467","page","type-page","status-publish","has-post-thumbnail","hentry"],"_links":{"self":[{"href":"https:\/\/www.farmad.be\/fr\/wp-json\/wp\/v2\/pages\/2467","targetHints":{"allow":["GET"]}}],"collection":[{"href":"https:\/\/www.farmad.be\/fr\/wp-json\/wp\/v2\/pages"}],"about":[{"href":"https:\/\/www.farmad.be\/fr\/wp-json\/wp\/v2\/types\/page"}],"author":[{"embeddable":true,"href":"https:\/\/www.farmad.be\/fr\/wp-json\/wp\/v2\/users\/3"}],"replies":[{"embeddable":true,"href":"https:\/\/www.farmad.be\/fr\/wp-json\/wp\/v2\/comments?post=2467"}],"version-history":[{"count":4,"href":"https:\/\/www.farmad.be\/fr\/wp-json\/wp\/v2\/pages\/2467\/revisions"}],"predecessor-version":[{"id":3820,"href":"https:\/\/www.farmad.be\/fr\/wp-json\/wp\/v2\/pages\/2467\/revisions\/3820"}],"up":[{"embeddable":true,"href":"https:\/\/www.farmad.be\/fr\/wp-json\/wp\/v2\/pages\/2482"}],"wp:featuredmedia":[{"embeddable":true,"href":"https:\/\/www.farmad.be\/fr\/wp-json\/wp\/v2\/media\/1908"}],"wp:attachment":[{"href":"https:\/\/www.farmad.be\/fr\/wp-json\/wp\/v2\/media?parent=2467"}],"curies":[{"name":"wp","href":"https:\/\/api.w.org\/{rel}","templated":true}]}}