{"id":2465,"date":"2021-03-15T12:32:36","date_gmt":"2021-03-15T11:32:36","guid":{"rendered":"https:\/\/www.farmad.be\/?page_id=2465"},"modified":"2021-08-16T13:03:51","modified_gmt":"2021-08-16T12:03:51","slug":"gestion-de-la-pharmacie","status":"publish","type":"page","link":"https:\/\/www.farmad.be\/fr\/solutions\/gestion-de-la-pharmacie\/","title":{"rendered":"Gestion de la pharmacie"},"content":{"rendered":"\n<div class=\"wp-block-group has-light-background-color has-background\"><div class=\"wp-block-group__inner-container is-layout-flow wp-block-group-is-layout-flow\">\n<div style=\"height:50px\" aria-hidden=\"true\" class=\"wp-block-spacer\"><\/div>\n\n\n\n<div class=\"wp-block-columns o-container is-layout-flex wp-container-core-columns-is-layout-9d6595d7 wp-block-columns-is-layout-flex\">\n<div class=\"wp-block-column is-layout-flow wp-block-column-is-layout-flow\">\n<h1 class=\"has-secondary-color has-text-color wp-block-heading\">Gestion de la pharmacie<\/h1>\n<\/div>\n\n\n\n<div class=\"wp-block-column is-layout-flow wp-block-column-is-layout-flow\"><\/div>\n<\/div>\n\n\n\n<div style=\"height:30px\" aria-hidden=\"true\" class=\"wp-block-spacer\"><\/div>\n<\/div><\/div>\n\n\n\n<div class=\"wp-block-columns o-container o-flex-reverse-order o-flex-reverse-order-lg is-layout-flex wp-container-core-columns-is-layout-9d6595d7 wp-block-columns-is-layout-flex\">\n<div class=\"wp-block-column is-vertically-aligned-center is-layout-flow wp-block-column-is-layout-flow\">\n<div style=\"height:50px\" aria-hidden=\"true\" class=\"wp-block-spacer\"><\/div>\n\n\n\n<h2 class=\"wp-block-heading\"><strong>La tranquilit\u00e9 d&rsquo;esprit dans votre pharmacie ? Elle commence lorsque vous allumez votre ordinateur<\/strong><\/h2>\n\n\n\n<p>Farmad est un syst\u00e8me de gestion complet pour votre pharmacie. Con\u00e7u par des pharmaciens, le logiciel suit de pr\u00e8s les \u00e9volutions du march\u00e9. Tout ce dont vous avez besoin pour une organisation sans faille de votre travail quotidien.<\/p>\n<\/div>\n\n\n\n<div class=\"wp-block-column u-margin-top-xs-neg u-margin-top-s-neg-xl is-layout-flow wp-block-column-is-layout-flow\">\n<figure class=\"wp-block-image size-large u-corners-round\"><img loading=\"lazy\" decoding=\"async\" width=\"800\" height=\"600\" src=\"https:\/\/www.farmad.be\/wp-content\/uploads\/2020\/10\/Apotheekbeheer.jpg\" alt=\"\" class=\"wp-image-1467\" srcset=\"https:\/\/www.farmad.be\/wp-content\/uploads\/2020\/10\/Apotheekbeheer.jpg 800w, https:\/\/www.farmad.be\/wp-content\/uploads\/2020\/10\/Apotheekbeheer-300x225.jpg 300w, https:\/\/www.farmad.be\/wp-content\/uploads\/2020\/10\/Apotheekbeheer-768x576.jpg 768w\" sizes=\"auto, (max-width: 800px) 100vw, 800px\" \/><\/figure>\n<\/div>\n<\/div>\n\n\n\n<div style=\"height:80px\" aria-hidden=\"true\" class=\"wp-block-spacer\"><\/div>\n\n\n\n<div class=\"wp-block-columns o-container is-layout-flex wp-container-core-columns-is-layout-9d6595d7 wp-block-columns-is-layout-flex\">\n<div class=\"wp-block-column is-layout-flow wp-block-column-is-layout-flow\">\n<figure class=\"wp-block-image size-full is-resized\"><img loading=\"lazy\" decoding=\"async\" src=\"https:\/\/www.farmad.be\/wp-content\/uploads\/2021\/07\/farmad-commercieel-beheer.png\" alt=\"\" class=\"wp-image-3626\" width=\"93\" height=\"80\"\/><\/figure>\n\n\n\n<div style=\"height:20px\" aria-hidden=\"true\" class=\"wp-block-spacer\"><\/div>\n\n\n\n<h3 class=\"wp-block-heading\"><strong><strong>Gestion commerciale<\/strong><\/strong><\/h3>\n\n\n\n<ul class=\"is-style-checklist wp-block-list\"><li>D\u00e9livrance, cr\u00e9dits et magistrale <\/li><li>Cartes d\u2019\u00e9pargne + indication des prix<\/li><li>Connexion avec un terminal de paiement,<br>     une balance et un robot<\/li><\/ul>\n\n\n\n<div style=\"height:40px\" aria-hidden=\"true\" class=\"wp-block-spacer\"><\/div>\n<\/div>\n\n\n\n<div class=\"wp-block-column is-layout-flow wp-block-column-is-layout-flow\">\n<figure class=\"wp-block-image size-full is-resized\"><img loading=\"lazy\" decoding=\"async\" src=\"https:\/\/www.farmad.be\/wp-content\/uploads\/2021\/07\/farmad-basis-zorg.png\" alt=\"\" class=\"wp-image-3628\" width=\"95\" height=\"80\"\/><\/figure>\n\n\n\n<div style=\"height:20px\" aria-hidden=\"true\" class=\"wp-block-spacer\"><\/div>\n\n\n\n<h3 class=\"wp-block-heading\"><strong><strong><strong>Soins de base<\/strong><\/strong><\/strong><\/h3>\n\n\n\n<ul class=\"is-style-checklist wp-block-list\"><li>Sources scientifiques + \u00e9tiquettes<\/li><li>PMI-ambulatoire + codes de soins<\/li><li>Sch\u00e9ma de m\u00e9dication (Vitalink) + <br>     eHealth<\/li><\/ul>\n\n\n\n<div style=\"height:40px\" aria-hidden=\"true\" class=\"wp-block-spacer\"><\/div>\n<\/div>\n\n\n\n<div class=\"wp-block-column is-layout-flow wp-block-column-is-layout-flow\">\n<figure class=\"wp-block-image size-full is-resized\"><img loading=\"lazy\" decoding=\"async\" src=\"https:\/\/www.farmad.be\/wp-content\/uploads\/2021\/07\/farmad-financieel-beheer.png\" alt=\"\" class=\"wp-image-3631\" width=\"66\" height=\"80\"\/><\/figure>\n\n\n\n<div style=\"height:20px\" aria-hidden=\"true\" class=\"wp-block-spacer\"><\/div>\n\n\n\n<h3 class=\"wp-block-heading\"><strong><strong><strong>Gestion financi\u00e8re<\/strong><\/strong><\/strong><\/h3>\n\n\n\n<ul class=\"is-style-checklist wp-block-list\"><li>Facturation<\/li><li><span style=\"font-size: 1rem;\">Tarif<\/span>ication<\/li><li>Ristourne, caisse et rapport<\/li><\/ul>\n\n\n\n<div style=\"height:40px\" aria-hidden=\"true\" class=\"wp-block-spacer\"><\/div>\n<\/div>\n<\/div>\n\n\n\n<div class=\"wp-block-columns o-container is-layout-flex wp-container-core-columns-is-layout-9d6595d7 wp-block-columns-is-layout-flex\">\n<div class=\"wp-block-column is-layout-flow wp-block-column-is-layout-flow\">\n<figure class=\"wp-block-image size-full is-resized\"><img loading=\"lazy\" decoding=\"async\" src=\"https:\/\/www.farmad.be\/wp-content\/uploads\/2021\/07\/farmad-logistiek-beheer.png\" alt=\"\" class=\"wp-image-3633\" width=\"91\" height=\"80\"\/><\/figure>\n\n\n\n<div style=\"height:20px\" aria-hidden=\"true\" class=\"wp-block-spacer\"><\/div>\n\n\n\n<h3 class=\"wp-block-heading\"><strong><strong>Gestion logistique<\/strong><\/strong><\/h3>\n\n\n\n<ul class=\"is-style-checklist wp-block-list\"><li>Commande grossiste, labo et groupes<\/li><li>Liste des soldes, dates de p\u00e9remption et <br>     infos stock<\/li><li>Gestion du stock statique et dynamique<\/li><\/ul>\n\n\n\n<div style=\"height:40px\" aria-hidden=\"true\" class=\"wp-block-spacer\"><\/div>\n<\/div>\n\n\n\n<div class=\"wp-block-column is-layout-flow wp-block-column-is-layout-flow\">\n<figure class=\"wp-block-image size-full is-resized\"><img loading=\"lazy\" decoding=\"async\" src=\"https:\/\/www.farmad.be\/wp-content\/uploads\/2021\/07\/farmad-officina-beheer.png\" alt=\"\" class=\"wp-image-3635\" width=\"74\" height=\"80\"\/><\/figure>\n\n\n\n<div style=\"height:20px\" aria-hidden=\"true\" class=\"wp-block-spacer\"><\/div>\n\n\n\n<h3 class=\"wp-block-heading\"><strong><strong><strong><strong>Gestion de l\u2019officine<\/strong><\/strong><\/strong><\/strong><\/h3>\n\n\n\n<ul class=\"is-style-checklist wp-block-list\"><li>Sauvegarde automatique et mises \u00e0 jour<\/li><li>Protection polyvalente de l\u2019utilisateur<\/li><li>Options syst\u00e8me \u00e9tendues<\/li><\/ul>\n\n\n\n<div style=\"height:40px\" aria-hidden=\"true\" class=\"wp-block-spacer\"><\/div>\n<\/div>\n\n\n\n<div class=\"wp-block-column is-layout-flow wp-block-column-is-layout-flow\">\n<figure class=\"wp-block-image size-full is-resized\"><img loading=\"lazy\" decoding=\"async\" src=\"https:\/\/www.farmad.be\/wp-content\/uploads\/2021\/07\/farmad-wzc-imv.png\" alt=\"\" class=\"wp-image-3637\" width=\"80\" height=\"80\" srcset=\"https:\/\/www.farmad.be\/wp-content\/uploads\/2021\/07\/farmad-wzc-imv.png 160w, https:\/\/www.farmad.be\/wp-content\/uploads\/2021\/07\/farmad-wzc-imv-150x150.png 150w\" sizes=\"auto, (max-width: 80px) 100vw, 80px\" \/><\/figure>\n\n\n\n<div style=\"height:20px\" aria-hidden=\"true\" class=\"wp-block-spacer\"><\/div>\n\n\n\n<h3 class=\"wp-block-heading\"><strong><strong><strong><strong>MRS et PMI<\/strong><\/strong><\/strong><\/strong><\/h3>\n\n\n\n<ul class=\"is-style-checklist wp-block-list\"><li>Solutions MRS pour livraison aux<br>     institutions<\/li><li>Productions PMI pour tiers<\/li><\/ul>\n<\/div>\n<\/div>\n\n\n\n<section class=\"wp-block-typografics-core-cta\"><div class=\"o-container\"><div class=\"o-flex o-flex-column o-flex-row-lg o-flex-align-items-center o-flex-justify-content-between-lg u-corners-round has-secondary-background-color u-padding-md u-padding-xxl-lg u-bg-by-small \">\n<h2 class=\"has-light-color has-text-color wp-block-heading\"><strong>Vous aussi, vous avez envie de faire cette exp\u00e9rience ?<\/strong><\/h2>\n\n\n\n<div class=\"wp-block-button\"><a class=\"wp-block-button__link has-secondary-color has-light-background-color has-text-color has-background\" href=\"https:\/\/farmad.be\/fr\/demoaanvraag?utm_tag=gestion-de-la-pharmacie\">Contactez-nous<\/a><\/div>\n<\/div><\/div><\/section>\n\n\n\n<p><\/p>\n","protected":false},"excerpt":{"rendered":"<p>Gestion de la pharmacie La tranquilit\u00e9 d&rsquo;esprit dans votre pharmacie ? Elle commence lorsque vous allumez votre ordinateur Farmad est un syst\u00e8me de gestion complet pour votre pharmacie. Con\u00e7u par des pharmaciens, le logiciel suit de pr\u00e8s les \u00e9volutions du march\u00e9. Tout ce dont vous avez besoin pour une organisation sans faille de votre travail [&hellip;]<\/p>\n","protected":false},"author":3,"featured_media":1467,"parent":2482,"menu_order":0,"comment_status":"closed","ping_status":"closed","template":"","meta":{"_page_landingpage_footer":false,"footnotes":""},"class_list":["post-2465","page","type-page","status-publish","has-post-thumbnail","hentry"],"_links":{"self":[{"href":"https:\/\/www.farmad.be\/fr\/wp-json\/wp\/v2\/pages\/2465","targetHints":{"allow":["GET"]}}],"collection":[{"href":"https:\/\/www.farmad.be\/fr\/wp-json\/wp\/v2\/pages"}],"about":[{"href":"https:\/\/www.farmad.be\/fr\/wp-json\/wp\/v2\/types\/page"}],"author":[{"embeddable":true,"href":"https:\/\/www.farmad.be\/fr\/wp-json\/wp\/v2\/users\/3"}],"replies":[{"embeddable":true,"href":"https:\/\/www.farmad.be\/fr\/wp-json\/wp\/v2\/comments?post=2465"}],"version-history":[{"count":8,"href":"https:\/\/www.farmad.be\/fr\/wp-json\/wp\/v2\/pages\/2465\/revisions"}],"predecessor-version":[{"id":3815,"href":"https:\/\/www.farmad.be\/fr\/wp-json\/wp\/v2\/pages\/2465\/revisions\/3815"}],"up":[{"embeddable":true,"href":"https:\/\/www.farmad.be\/fr\/wp-json\/wp\/v2\/pages\/2482"}],"wp:featuredmedia":[{"embeddable":true,"href":"https:\/\/www.farmad.be\/fr\/wp-json\/wp\/v2\/media\/1467"}],"wp:attachment":[{"href":"https:\/\/www.farmad.be\/fr\/wp-json\/wp\/v2\/media?parent=2465"}],"curies":[{"name":"wp","href":"https:\/\/api.w.org\/{rel}","templated":true}]}}