{"id":2460,"date":"2021-03-15T11:00:18","date_gmt":"2021-03-15T10:00:18","guid":{"rendered":"https:\/\/www.farmad.be\/?page_id=2460"},"modified":"2025-03-14T15:22:58","modified_gmt":"2025-03-14T14:22:58","slug":"farmad-online-pour-le-pharmacien","status":"publish","type":"page","link":"https:\/\/www.farmad.be\/fr\/solutions\/farmad-online-pour-le-pharmacien\/","title":{"rendered":"Farmad Online pour le pharmacien"},"content":{"rendered":"\n<div class=\"wp-block-group has-light-background-color has-background\"><div class=\"wp-block-group__inner-container is-layout-flow wp-block-group-is-layout-flow\">\n<div style=\"height:50px\" aria-hidden=\"true\" class=\"wp-block-spacer\"><\/div>\n\n\n\n<h1 class=\"wp-block-heading is-style-g-container o-container has-secondary-color has-text-color\">Farmad Online<\/h1>\n\n\n\n<h2 class=\"wp-block-heading is-style-g-container o-container has-quinary-color has-text-color\">Votre pharmacie num\u00e9rique<\/h2>\n\n\n\n<div style=\"height:50px\" aria-hidden=\"true\" class=\"wp-block-spacer\"><\/div>\n<\/div><\/div>\n\n\n\n<div style=\"height:60px\" aria-hidden=\"true\" class=\"wp-block-spacer\"><\/div>\n\n\n\n<div class=\"wp-block-columns o-container o-flex-reverse-order o-flex-reverse-order-lg is-layout-flex wp-container-core-columns-is-layout-9d6595d7 wp-block-columns-is-layout-flex\">\n<div class=\"wp-block-column is-vertically-aligned-center is-layout-flow wp-block-column-is-layout-flow\">\n<h2 class=\"wp-block-heading\"><strong><strong>Positionnez-vous sur le march\u00e9 gr\u00e2ce \u00e0 votre service en ligne<\/strong><\/strong><\/h2>\n\n\n\n<p>Offrez \u00e0 vos patients la facilit\u00e9 qu\u2019ils attendent. Cette extension num\u00e9rique de votre comptoir fid\u00e9lise vos clients \u00e0 votre pharmacie. D\u00e9couvrez la plus-value d\u2019un contact et d\u2019un conseil personnalis\u00e9s au c\u0153ur d\u2019un monde num\u00e9rique.<\/p>\n\n\n\n<p><\/p>\n\n\n\n<p><\/p>\n\n\n\n<p><\/p>\n\n\n\n<p><\/p>\n\n\n\n<p><\/p>\n<\/div>\n\n\n\n<div class=\"wp-block-column is-layout-flow wp-block-column-is-layout-flow\">\n<figure class=\"wp-block-embed-vimeo wp-block-embed is-type-video is-provider-vimeo wp-embed-aspect-16-9 wp-has-aspect-ratio\"><div class=\"wp-block-embed__wrapper\">\n<iframe loading=\"lazy\" title=\"Ordonnance et automate\" src=\"https:\/\/player.vimeo.com\/video\/1065852741?dnt=1&amp;app_id=122963\" width=\"500\" height=\"281\" frameborder=\"0\" allow=\"autoplay; fullscreen; picture-in-picture; clipboard-write; encrypted-media\"><\/iframe>\n<\/div><\/figure>\n<\/div>\n<\/div>\n\n\n\n<div style=\"height:60px\" aria-hidden=\"true\" class=\"wp-block-spacer\"><\/div>\n\n\n\n<div style=\"height:60px\" aria-hidden=\"true\" class=\"wp-block-spacer\"><\/div>\n\n\n\n<div class=\"wp-block-columns o-container is-layout-flex wp-container-core-columns-is-layout-9d6595d7 wp-block-columns-is-layout-flex\">\n<div class=\"wp-block-column is-layout-flow wp-block-column-is-layout-flow\">\n<figure class=\"wp-block-image size-large\"><img loading=\"lazy\" decoding=\"async\" width=\"1024\" height=\"682\" src=\"https:\/\/www.farmad.be\/wp-content\/uploads\/2021\/08\/Farmad-apotheek-helecine-1024x682.jpg\" alt=\"\" class=\"wp-image-3725\" srcset=\"https:\/\/www.farmad.be\/wp-content\/uploads\/2021\/08\/Farmad-apotheek-helecine-1024x682.jpg 1024w, https:\/\/www.farmad.be\/wp-content\/uploads\/2021\/08\/Farmad-apotheek-helecine-300x200.jpg 300w, https:\/\/www.farmad.be\/wp-content\/uploads\/2021\/08\/Farmad-apotheek-helecine-768x511.jpg 768w, https:\/\/www.farmad.be\/wp-content\/uploads\/2021\/08\/Farmad-apotheek-helecine.jpg 1200w\" sizes=\"auto, (max-width: 1024px) 100vw, 1024px\" \/><\/figure>\n<\/div>\n\n\n\n<div class=\"wp-block-column is-vertically-aligned-center u-margin-top-none-neg-xl is-layout-flow wp-block-column-is-layout-flow\">\n<h2 class=\"wp-block-heading\"><strong><strong>Une plateforme sur le cloud pour votre pharmacie et une appli pour votre patient<\/strong><\/strong><\/h2>\n\n\n\n<p>Dans cet environnement num\u00e9rique, vous g\u00e9rez votre officine et vos contacts avec les clients o\u00f9 et quand vous le voulez.<\/p>\n\n\n\n<p><\/p>\n\n\n\n<p>Votre plateforme dispose de l\u2019appli <strong>\u00ab&nbsp;Ma Pharmacie Farmad&nbsp;\u00bb<\/strong>. Offrez \u00e0 vos patients un acc\u00e8s en ligne \u00e0 votre pharmacie.<\/p>\n\n\n\n<ul class=\"wp-block-list is-style-checklist\">\n<li>Recevez des ordonnances \u00e9lectroniques.<\/li>\n\n\n\n<li>Traitez les commandes et les r\u00e9servations.<\/li>\n\n\n\n<li>Recevez des paiements en ligne.<\/li>\n\n\n\n<li>R\u00e9pondez aux questions et prodiguez des conseils par message.<\/li>\n\n\n\n<li>Mettez \u00e0 disposition le sch\u00e9ma de m\u00e9dication actualis\u00e9 au format <br>     num\u00e9rique.<\/li>\n<\/ul>\n<\/div>\n<\/div>\n\n\n\n<div style=\"height:60px\" aria-hidden=\"true\" class=\"wp-block-spacer\"><\/div>\n\n\n\n<div style=\"height:60px\" aria-hidden=\"true\" class=\"wp-block-spacer\"><\/div>\n\n\n\n<div class=\"wp-block-columns o-container o-flex-reverse-order o-flex-reverse-order-lg is-layout-flex wp-container-core-columns-is-layout-9d6595d7 wp-block-columns-is-layout-flex\">\n<div class=\"wp-block-column is-vertically-aligned-center is-layout-flow wp-block-column-is-layout-flow\" style=\"flex-basis:60%\">\n<h2 class=\"wp-block-heading\"><strong><strong>Votre canal num\u00e9rique priv\u00e9<\/strong><\/strong><\/h2>\n\n\n\n<p>Avec votre panneau num\u00e9rique, vous touchez tous ceux qui veulent entrer en contact avec votre pharmacie. Un atout consid\u00e9rable pour attirer de nouveaux clients.<\/p>\n\n\n\n<p>D&rsquo;un seul coup d&rsquo;\u0153il, votre visiteur voit les d\u00e9tails de votre pharmacie et peut commencer \u00e0 travailler imm\u00e9diatement.<\/p>\n\n\n\n<p><\/p>\n\n\n\n<ul class=\"wp-block-list is-style-checklist\">\n<li>Enregistrement rapide et facile pour votre patient.<\/li>\n\n\n\n<li>Acc\u00e8s imm\u00e9diat \u00e0 vos produits.<\/li>\n\n\n\n<li>Transmettre les prescriptions et les messages.<\/li>\n<\/ul>\n<\/div>\n\n\n\n<div class=\"wp-block-column is-layout-flow wp-block-column-is-layout-flow\"><div class=\"wp-block-image\">\n<figure class=\"aligncenter size-large\"><img loading=\"lazy\" decoding=\"async\" width=\"1024\" height=\"1001\" src=\"https:\/\/www.farmad.be\/wp-content\/uploads\/2021\/08\/Desktop-links-FOL-landingspagina-1-1024x1001.png\" alt=\"\" class=\"wp-image-3737\" srcset=\"https:\/\/www.farmad.be\/wp-content\/uploads\/2021\/08\/Desktop-links-FOL-landingspagina-1-1024x1001.png 1024w, https:\/\/www.farmad.be\/wp-content\/uploads\/2021\/08\/Desktop-links-FOL-landingspagina-1-300x293.png 300w, https:\/\/www.farmad.be\/wp-content\/uploads\/2021\/08\/Desktop-links-FOL-landingspagina-1-768x751.png 768w, https:\/\/www.farmad.be\/wp-content\/uploads\/2021\/08\/Desktop-links-FOL-landingspagina-1-1536x1502.png 1536w, https:\/\/www.farmad.be\/wp-content\/uploads\/2021\/08\/Desktop-links-FOL-landingspagina-1-2048x2003.png 2048w\" sizes=\"auto, (max-width: 1024px) 100vw, 1024px\" \/><\/figure>\n<\/div><\/div>\n<\/div>\n\n\n\n<div style=\"height:60px\" aria-hidden=\"true\" class=\"wp-block-spacer\"><\/div>\n\n\n\n<div class=\"wp-block-columns o-container is-layout-flex wp-container-core-columns-is-layout-9d6595d7 wp-block-columns-is-layout-flex\">\n<div class=\"wp-block-column is-layout-flow wp-block-column-is-layout-flow\">\n<figure class=\"wp-block-image size-large is-resized\"><img loading=\"lazy\" decoding=\"async\" width=\"691\" height=\"1024\" src=\"https:\/\/www.farmad.be\/wp-content\/uploads\/2021\/08\/Automaat-gevuld-met-touchscreen-rechts-691x1024.png\" alt=\"\" class=\"wp-image-3733\" style=\"width:346px;height:512px\" srcset=\"https:\/\/www.farmad.be\/wp-content\/uploads\/2021\/08\/Automaat-gevuld-met-touchscreen-rechts-691x1024.png 691w, https:\/\/www.farmad.be\/wp-content\/uploads\/2021\/08\/Automaat-gevuld-met-touchscreen-rechts-202x300.png 202w, https:\/\/www.farmad.be\/wp-content\/uploads\/2021\/08\/Automaat-gevuld-met-touchscreen-rechts-768x1138.png 768w, https:\/\/www.farmad.be\/wp-content\/uploads\/2021\/08\/Automaat-gevuld-met-touchscreen-rechts-1037x1536.png 1037w, https:\/\/www.farmad.be\/wp-content\/uploads\/2021\/08\/Automaat-gevuld-met-touchscreen-rechts-1382x2048.png 1382w\" sizes=\"auto, (max-width: 691px) 100vw, 691px\" \/><\/figure>\n<\/div>\n\n\n\n<div class=\"wp-block-column is-vertically-aligned-center u-margin-top-none-neg-xl is-layout-flow wp-block-column-is-layout-flow\">\n<h2 class=\"wp-block-heading\"><strong><strong>Boostez votre accessibilit\u00e9 24h\/24 7j\/7&nbsp;!<\/strong><\/strong><\/h2>\n\n\n\n<p>Avec la connexion \u00e0 votre automate mural, la boucle est boucl\u00e9e.<br>De la commande en ligne \u00e0 la d\u00e9livrance 24h\/24 et 7j\/7. <br>Vous ne raterez plus un client !<\/p>\n<\/div>\n<\/div>\n\n\n\n<div style=\"height:60px\" aria-hidden=\"true\" class=\"wp-block-spacer\"><\/div>\n\n\n\n<section class=\"wp-block-typografics-core-cta\"><div class=\"o-container\"><div class=\"o-flex o-flex-column o-flex-row-lg o-flex-align-items-center o-flex-justify-content-between-lg u-corners-round has-secondary-background-color u-padding-md u-padding-xxl-lg u-bg-by-small \">\n<h2 class=\"wp-block-heading has-light-color has-text-color\"><strong><strong>Une prochaine \u00e9tape de votre num\u00e9risation ?<\/strong><\/strong><\/h2>\n\n\n\n<div class=\"wp-block-button\"><a class=\"wp-block-button__link has-secondary-color has-light-background-color has-text-color has-background wp-element-button\" href=\"https:\/\/farmad.be\/fr\/demoaanvraag?utm_tag=farmad-online-pour-le-pharmacien\">Demandez une d\u00e9mo<\/a><\/div>\n<\/div><\/div><\/section>\n\n\n\n<p><\/p>\n","protected":false},"excerpt":{"rendered":"<p>Farmad Online Votre pharmacie num\u00e9rique Positionnez-vous sur le march\u00e9 gr\u00e2ce \u00e0 votre service en ligne Offrez \u00e0 vos patients la facilit\u00e9 qu\u2019ils attendent. Cette extension num\u00e9rique de votre comptoir fid\u00e9lise vos clients \u00e0 votre pharmacie. D\u00e9couvrez la plus-value d\u2019un contact et d\u2019un conseil personnalis\u00e9s au c\u0153ur d\u2019un monde num\u00e9rique. Une plateforme sur le cloud pour [&hellip;]<\/p>\n","protected":false},"author":3,"featured_media":1904,"parent":2482,"menu_order":0,"comment_status":"closed","ping_status":"closed","template":"","meta":{"_page_landingpage_footer":false,"footnotes":""},"class_list":["post-2460","page","type-page","status-publish","has-post-thumbnail","hentry"],"_links":{"self":[{"href":"https:\/\/www.farmad.be\/fr\/wp-json\/wp\/v2\/pages\/2460","targetHints":{"allow":["GET"]}}],"collection":[{"href":"https:\/\/www.farmad.be\/fr\/wp-json\/wp\/v2\/pages"}],"about":[{"href":"https:\/\/www.farmad.be\/fr\/wp-json\/wp\/v2\/types\/page"}],"author":[{"embeddable":true,"href":"https:\/\/www.farmad.be\/fr\/wp-json\/wp\/v2\/users\/3"}],"replies":[{"embeddable":true,"href":"https:\/\/www.farmad.be\/fr\/wp-json\/wp\/v2\/comments?post=2460"}],"version-history":[{"count":20,"href":"https:\/\/www.farmad.be\/fr\/wp-json\/wp\/v2\/pages\/2460\/revisions"}],"predecessor-version":[{"id":4979,"href":"https:\/\/www.farmad.be\/fr\/wp-json\/wp\/v2\/pages\/2460\/revisions\/4979"}],"up":[{"embeddable":true,"href":"https:\/\/www.farmad.be\/fr\/wp-json\/wp\/v2\/pages\/2482"}],"wp:featuredmedia":[{"embeddable":true,"href":"https:\/\/www.farmad.be\/fr\/wp-json\/wp\/v2\/media\/1904"}],"wp:attachment":[{"href":"https:\/\/www.farmad.be\/fr\/wp-json\/wp\/v2\/media?parent=2460"}],"curies":[{"name":"wp","href":"https:\/\/api.w.org\/{rel}","templated":true}]}}