{"id":2196,"date":"2021-02-08T16:21:35","date_gmt":"2021-02-08T15:21:35","guid":{"rendered":"https:\/\/www.farmad.be\/?page_id=2196"},"modified":"2021-08-16T13:12:35","modified_gmt":"2021-08-16T12:12:35","slug":"home","status":"publish","type":"page","link":"https:\/\/www.farmad.be\/fr\/","title":{"rendered":"Home"},"content":{"rendered":"\n<section class=\"wp-block-typografics-core-header\"><header class=\"c-header c-header-wrapper u-padding-y-xxl c-header-wrapper-m\"><figure class=\"c-header-img o-flex o-flex-align-items-center\"><img decoding=\"async\" src=\"https:\/\/www.farmad.be\/wp-content\/uploads\/2020\/10\/farmad_home.jpg\" class=\"c-header-img\"\/><figcaption class=\"c-header-content\"><div class=\"o-container\">\n<h1 class=\"is-style-default has-quinary-color has-text-color wp-block-heading\"><strong>Le suivi pharmaceutique <\/strong><\/h1>\n\n\n\n<h1 class=\"is-style-default has-quinary-color has-text-color wp-block-heading\"><strong>dans un monde num\u00e9rique<\/strong><\/h1>\n\n\n\n<p>Pratique pour le pharmacien et le patient.<\/p>\n\n\n\n<div style=\"height:20px\" aria-hidden=\"true\" class=\"wp-block-spacer\"><\/div>\n\n\n\n<div class=\"wp-block-buttons is-layout-flex wp-block-buttons-is-layout-flex\">\n<div class=\"wp-block-button\"><a class=\"wp-block-button__link has-white-color has-senary-background-color has-text-color has-background\" href=\"https:\/\/farmad.be\/fr\/demoaanvraag?utm_tag=homepage\" style=\"border-radius:30px\">Demandez une d\u00e9mo<\/a><\/div>\n<\/div>\n<\/div><\/figcaption><\/figure><\/header><\/section>\n\n\n\n<div class=\"wp-block-columns o-container is-layout-flex wp-container-core-columns-is-layout-9d6595d7 wp-block-columns-is-layout-flex\">\n<div class=\"wp-block-column is-vertically-aligned-bottom u-margin-top-none-neg-xl is-layout-flow wp-block-column-is-layout-flow\" style=\"flex-basis:30%\"><\/div>\n\n\n\n<div class=\"wp-block-column u-margin-top-xs-neg u-margin-top-l-neg-xl is-layout-flow wp-block-column-is-layout-flow\">\n<figure class=\"wp-block-image size-large\"><img loading=\"lazy\" decoding=\"async\" width=\"800\" height=\"459\" src=\"https:\/\/www.farmad.be\/wp-content\/uploads\/2020\/10\/farmad-devices.png\" alt=\"\" class=\"wp-image-1504\" srcset=\"https:\/\/www.farmad.be\/wp-content\/uploads\/2020\/10\/farmad-devices.png 800w, https:\/\/www.farmad.be\/wp-content\/uploads\/2020\/10\/farmad-devices-300x172.png 300w, https:\/\/www.farmad.be\/wp-content\/uploads\/2020\/10\/farmad-devices-768x441.png 768w\" sizes=\"auto, (max-width: 800px) 100vw, 800px\" \/><\/figure>\n<\/div>\n<\/div>\n\n\n\n<div class=\"wp-block-columns o-container o-flex-reverse-order o-flex-reverse-order-lg is-layout-flex wp-container-core-columns-is-layout-9d6595d7 wp-block-columns-is-layout-flex\">\n<div class=\"wp-block-column is-layout-flow wp-block-column-is-layout-flow\" style=\"flex-basis:40%\">\n<div style=\"height:40px\" aria-hidden=\"true\" class=\"wp-block-spacer\"><\/div>\n\n\n\n<figure class=\"wp-block-image size-large is-resized u-corners-round\"><img loading=\"lazy\" decoding=\"async\" src=\"https:\/\/www.farmad.be\/wp-content\/uploads\/2020\/10\/Medicatieschema.jpg\" alt=\"\" class=\"wp-image-1492\" width=\"374\" height=\"475\"\/><\/figure>\n<\/div>\n\n\n\n<div class=\"wp-block-column is-vertically-aligned-center is-layout-flow wp-block-column-is-layout-flow\" style=\"flex-basis:75%\">\n<div style=\"height:40px\" aria-hidden=\"true\" class=\"wp-block-spacer\"><\/div>\n\n\n\n<h2 class=\"wp-block-heading\"><strong><span class=\"has-inline-color has-primary-color\"><strong>Votre pharmacie,<\/strong><\/span><\/strong> <strong><strong>toujours \u00e0 port\u00e9e de main<\/strong><\/strong><\/h2>\n\n\n\n<p>\u00cates-vous pharmacien ou patient&nbsp;? Cette <strong>plateforme num\u00e9rique<\/strong> vous offre un contact personnel. Pr\u00e9cis\u00e9ment ce dont vous avez besoin au quotidien. Rapide, s\u00fbr et tr\u00e8s facile. B\u00e9n\u00e9ficiez en ligne d\u2019un service aussi comp\u00e9tent qu\u2019en pharmacie.<\/p>\n\n\n\n<div style=\"height:20px\" aria-hidden=\"true\" class=\"wp-block-spacer\"><\/div>\n\n\n\n<div class=\"wp-block-buttons is-layout-flex wp-block-buttons-is-layout-flex\">\n<div class=\"wp-block-button is-style-outline is-style-outline--1\"><a class=\"wp-block-button__link has-senary-color has-white-background-color has-text-color has-background\" href=\"https:\/\/www.farmad.be\/fr\/solutions\/farmad-online-pour-le-pharmacien\/\">Je suis pharmacien<\/a><\/div>\n\n\n\n<div class=\"wp-block-button is-style-outline is-style-outline--2\"><a class=\"wp-block-button__link has-senary-color has-white-background-color has-text-color has-background\" href=\"https:\/\/www.farmad.be\/fr\/solutions\/lappli-destinee-au-patient\/\">Je suis patient<\/a><\/div>\n<\/div>\n\n\n\n<p><\/p>\n<\/div>\n<\/div>\n\n\n\n<div style=\"height:80px\" aria-hidden=\"true\" class=\"wp-block-spacer\"><\/div>\n\n\n\n<div style=\"background-image:url(https:\/\/farmad.be\/wp-content\/uploads\/2020\/10\/farmad-logo-background.png)\" class=\"wp-block-typografics-core-parallax c-parallax c-parallax-wrapper g-p-y-xxl c-parallax-wrapper-m\"><div class=\"g-container\">\n<div style=\"height:40px\" aria-hidden=\"true\" class=\"wp-block-spacer\"><\/div>\n\n\n\n<h2 class=\"o-container wp-block-heading\"><strong>La<span class=\"has-inline-color has-primary-color\"><strong> tranquillit\u00e9 d\u2019esprit<\/strong><\/span><\/strong> <strong>au quotidien&nbsp;?<\/strong><br><strong><strong>Nous avons la solution.<\/strong><\/strong><\/h2>\n\n\n\n<div style=\"height:30px\" aria-hidden=\"true\" class=\"wp-block-spacer\"><\/div>\n\n\n<div class='o-container'><div class='o-grid'><div class=\"o-col o-col-12 o-col-6-md o-col-3-lg\"><a href=\"https:\/\/www.farmad.be\/fr\/solutions\/gestion-de-la-pharmacie\/\" class=\"c-thumbnail\"><img decoding=\"async\" src=\"https:\/\/www.farmad.be\/wp-content\/uploads\/2020\/10\/Apotheekbeheer.jpg\" \/><h3>Gestion de la pharmacie<\/h3><\/a><\/div><div class=\"o-col o-col-12 o-col-6-md o-col-3-lg\"><a href=\"https:\/\/www.farmad.be\/fr\/solutions\/infrastructure-optimale\/\" class=\"c-thumbnail\"><img decoding=\"async\" src=\"https:\/\/www.farmad.be\/wp-content\/uploads\/2020\/11\/Infrastructuur-Network-op-blauwe-achtergrond.jpg.png\" \/><h3>Infrastructure optimale<\/h3><\/a><\/div><\/div><\/div>\n\n\n<div style=\"height:20px\" aria-hidden=\"true\" class=\"wp-block-spacer\"><\/div>\n<\/div><\/div>\n\n\n\n<div style=\"height:80px\" aria-hidden=\"true\" class=\"wp-block-spacer\"><\/div>\n\n\n\n<section class=\"wp-block-typografics-core-cta\"><div class=\"o-container\"><div class=\"o-flex o-flex-column o-flex-row-lg o-flex-align-items-center o-flex-justify-content-between-lg u-corners-round has-secondary-background-color u-padding-md u-padding-xxl-lg u-bg-by-small \">\n<h2 class=\"has-light-color has-text-color wp-block-heading\"><strong>Faites passer votre num\u00e9risation au niveau sup\u00e9rieur !<\/strong><\/h2>\n\n\n\n<div class=\"wp-block-button\"><a class=\"wp-block-button__link has-secondary-color has-white-background-color has-text-color has-background\" href=\"https:\/\/farmad.be\/fr\/demoaanvraag?utm_tag=homepage\">Contactez-nous<\/a><\/div>\n<\/div><\/div><\/section>\n\n\n\n<p><\/p>\n","protected":false},"excerpt":{"rendered":"<p>Votre pharmacie, toujours \u00e0 port\u00e9e de main \u00cates-vous pharmacien ou patient&nbsp;? Cette plateforme num\u00e9rique vous offre un contact personnel. Pr\u00e9cis\u00e9ment ce dont vous avez besoin au quotidien. Rapide, s\u00fbr et tr\u00e8s facile. B\u00e9n\u00e9ficiez en ligne d\u2019un service aussi comp\u00e9tent qu\u2019en pharmacie.<\/p>\n","protected":false},"author":2,"featured_media":0,"parent":0,"menu_order":0,"comment_status":"closed","ping_status":"closed","template":"","meta":{"_page_landingpage_footer":false,"footnotes":""},"class_list":["post-2196","page","type-page","status-publish","hentry"],"_links":{"self":[{"href":"https:\/\/www.farmad.be\/fr\/wp-json\/wp\/v2\/pages\/2196","targetHints":{"allow":["GET"]}}],"collection":[{"href":"https:\/\/www.farmad.be\/fr\/wp-json\/wp\/v2\/pages"}],"about":[{"href":"https:\/\/www.farmad.be\/fr\/wp-json\/wp\/v2\/types\/page"}],"author":[{"embeddable":true,"href":"https:\/\/www.farmad.be\/fr\/wp-json\/wp\/v2\/users\/2"}],"replies":[{"embeddable":true,"href":"https:\/\/www.farmad.be\/fr\/wp-json\/wp\/v2\/comments?post=2196"}],"version-history":[{"count":16,"href":"https:\/\/www.farmad.be\/fr\/wp-json\/wp\/v2\/pages\/2196\/revisions"}],"predecessor-version":[{"id":3822,"href":"https:\/\/www.farmad.be\/fr\/wp-json\/wp\/v2\/pages\/2196\/revisions\/3822"}],"wp:attachment":[{"href":"https:\/\/www.farmad.be\/fr\/wp-json\/wp\/v2\/media?parent=2196"}],"curies":[{"name":"wp","href":"https:\/\/api.w.org\/{rel}","templated":true}]}}